{"id":681,"date":"2024-07-12T12:02:59","date_gmt":"2024-07-12T12:02:59","guid":{"rendered":"https:\/\/timekeeper.kfs-software.de\/?page_id=681"},"modified":"2025-05-15T11:41:37","modified_gmt":"2025-05-15T11:41:37","slug":"impressum","status":"publish","type":"page","link":"https:\/\/time-keeper.cloud\/index.php\/impressum\/","title":{"rendered":"Impressum"},"content":{"rendered":"\t\t<div data-elementor-type=\"wp-page\" data-elementor-id=\"681\" class=\"elementor elementor-681\" data-elementor-post-type=\"page\">\n\t\t\t\t<div data-particle_enable=\"false\" data-particle-mobile-disabled=\"false\" class=\"elementor-element elementor-element-d5c210b e-flex e-con-boxed e-con e-parent\" data-id=\"d5c210b\" data-element_type=\"container\" data-e-type=\"container\" data-settings=\"{&quot;background_background&quot;:&quot;classic&quot;}\">\n\t\t\t\t\t<div class=\"e-con-inner\">\n\t\t\t\t<div class=\"elementor-element elementor-element-64b34ac elementor-widget elementor-widget-spacer\" data-id=\"64b34ac\" data-element_type=\"widget\" data-e-type=\"widget\" data-widget_type=\"spacer.default\">\n\t\t\t\t<div class=\"elementor-widget-container\">\n\t\t\t\t\t\t\t<div class=\"elementor-spacer\">\n\t\t\t<div class=\"elementor-spacer-inner\"><\/div>\n\t\t<\/div>\n\t\t\t\t\t\t<\/div>\n\t\t\t\t<\/div>\n\t\t\t\t\t<\/div>\n\t\t\t\t<\/div>\n\t\t<div data-particle_enable=\"false\" data-particle-mobile-disabled=\"false\" class=\"elementor-element elementor-element-1cc4404 e-flex e-con-boxed e-con e-parent\" data-id=\"1cc4404\" data-element_type=\"container\" data-e-type=\"container\">\n\t\t\t\t\t<div class=\"e-con-inner\">\n\t\t<div data-particle_enable=\"false\" data-particle-mobile-disabled=\"false\" class=\"elementor-element elementor-element-d6ad35a e-con-full e-flex e-con e-child\" data-id=\"d6ad35a\" data-element_type=\"container\" data-e-type=\"container\">\n\t\t<div data-particle_enable=\"false\" data-particle-mobile-disabled=\"false\" class=\"elementor-element elementor-element-26044e5 e-con-full e-flex e-con e-child\" data-id=\"26044e5\" data-element_type=\"container\" data-e-type=\"container\">\n\t\t\t\t<div class=\"elementor-element elementor-element-71eca87 elementor-widget elementor-widget-text-editor\" data-id=\"71eca87\" data-element_type=\"widget\" data-e-type=\"widget\" data-widget_type=\"text-editor.default\">\n\t\t\t\t<div class=\"elementor-widget-container\">\n\t\t\t\t\t\t\t\t\t<h1>Impressum<\/h1>\n\n<p>KFS Software GmbH<br \/>\nJohannisstr. 24<br \/>\n84034 Landshut<\/p>\n\n<p>Handelsregister: HRB 13521<br \/>\nRegistergericht: Landshut<\/p>\n\n<p><strong>Vertreten durch:<\/strong><br \/>\nJ&ouml;rg Kriszio<\/p>\n\n<h2>Kontakt<\/h2>\n<p>Telefon: +49 871 96624736<br \/>\nE-Mail: info@kfs-software.de<\/p>\n\n<h2>Umsatzsteuer-ID<\/h2>\n<p>Umsatzsteuer-Identifikationsnummer gem&auml;&szlig; &sect; 27 a Umsatzsteuergesetz:<br \/>\nDE357462882<\/p>\n\n<h2>EU-Streitschlichtung<\/h2>\n<p>Die Europ&auml;ische Kommission stellt eine Plattform zur Online-Streitbeilegung (OS) bereit: <a href=\"https:\/\/ec.europa.eu\/consumers\/odr\/\" target=\"_blank\" rel=\"noopener noreferrer\">https:\/\/ec.europa.eu\/consumers\/odr\/<\/a>.<br \/> Unsere E-Mail-Adresse finden Sie oben im Impressum.<\/p>\n\n<h2>Verbraucher&shy;streit&shy;beilegung\/Universal&shy;schlichtungs&shy;stelle<\/h2>\n<p>Wir sind nicht bereit oder verpflichtet, an Streitbeilegungsverfahren vor einer Verbraucherschlichtungsstelle teilzunehmen.<\/p>\t\t\t\t\t\t\t\t<\/div>\n\t\t\t\t<\/div>\n\t\t\t\t<\/div>\n\t\t<div data-particle_enable=\"false\" data-particle-mobile-disabled=\"false\" class=\"elementor-element elementor-element-53c51be e-con-full e-flex e-con e-child\" data-id=\"53c51be\" data-element_type=\"container\" data-e-type=\"container\">\n\t\t\t\t<div class=\"elementor-element elementor-element-fc3284d elementor-widget elementor-widget-n-accordion\" data-id=\"fc3284d\" data-element_type=\"widget\" data-e-type=\"widget\" data-settings=\"{&quot;default_state&quot;:&quot;all_collapsed&quot;,&quot;max_items_expended&quot;:&quot;one&quot;,&quot;n_accordion_animation_duration&quot;:{&quot;unit&quot;:&quot;ms&quot;,&quot;size&quot;:400,&quot;sizes&quot;:[]}}\" data-widget_type=\"nested-accordion.default\">\n\t\t\t\t<div class=\"elementor-widget-container\">\n\t\t\t\t\t\t\t<div class=\"e-n-accordion\" aria-label=\"Accordion. Open links with Enter or Space, close with Escape, and navigate with Arrow Keys\">\n\t\t\t\t\t\t<details id=\"e-n-accordion-item-2640\" class=\"e-n-accordion-item\" >\n\t\t\t\t<summary class=\"e-n-accordion-item-title\" data-accordion-index=\"1\" tabindex=\"0\" aria-expanded=\"false\" aria-controls=\"e-n-accordion-item-2640\" >\n\t\t\t\t\t<span class='e-n-accordion-item-title-header'><h4 class=\"e-n-accordion-item-title-text\"> Bildrechte und Lizenzfragen <\/h4><\/span>\n\t\t\t\t\t\t\t<span class='e-n-accordion-item-title-icon'>\n\t\t\t<span class='e-opened' ><svg aria-hidden=\"true\" class=\"e-font-icon-svg e-fas-minus\" viewBox=\"0 0 448 512\" xmlns=\"http:\/\/www.w3.org\/2000\/svg\"><path d=\"M416 208H32c-17.67 0-32 14.33-32 32v32c0 17.67 14.33 32 32 32h384c17.67 0 32-14.33 32-32v-32c0-17.67-14.33-32-32-32z\"><\/path><\/svg><\/span>\n\t\t\t<span class='e-closed'><svg aria-hidden=\"true\" class=\"e-font-icon-svg e-fas-plus\" viewBox=\"0 0 448 512\" xmlns=\"http:\/\/www.w3.org\/2000\/svg\"><path d=\"M416 208H272V64c0-17.67-14.33-32-32-32h-32c-17.67 0-32 14.33-32 32v144H32c-17.67 0-32 14.33-32 32v32c0 17.67 14.33 32 32 32h144v144c0 17.67 14.33 32 32 32h32c17.67 0 32-14.33 32-32V304h144c17.67 0 32-14.33 32-32v-32c0-17.67-14.33-32-32-32z\"><\/path><\/svg><\/span>\n\t\t<\/span>\n\n\t\t\t\t\t\t<\/summary>\n\t\t\t\t<div data-particle_enable=\"false\" data-particle-mobile-disabled=\"false\" role=\"region\" aria-labelledby=\"e-n-accordion-item-2640\" class=\"elementor-element elementor-element-4760fbc e-con-full e-flex e-con e-child\" data-id=\"4760fbc\" data-element_type=\"container\" data-e-type=\"container\">\n\t\t\t\t<div class=\"elementor-element elementor-element-d39a180 elementor-widget elementor-widget-text-editor\" data-id=\"d39a180\" data-element_type=\"widget\" data-e-type=\"widget\" data-widget_type=\"text-editor.default\">\n\t\t\t\t<div class=\"elementor-widget-container\">\n\t\t\t\t\t\t\t\t\t<p>Unter den angegebenen\u00a0Kontaktdaten k\u00f6nnen gerne Anfragen zum Ursprung der Bilder gestellt werden.<\/p><h3>Quellen der Bilder:<\/h3><p>Soweit nicht anders vermerkt stammen alle Bilder von folgenden Seiten:<\/p><ul><li>Pixabay:\u00a0<a href=\"https:\/\/pixabay.com\/de\/\" target=\"_blank\" rel=\"nofollow noopener noreferrer\">https:\/\/pixabay.com\/de\/<\/a><\/li><\/ul><h3>Auszug aus der Pixabay Lizenz (Stand 20.10.21):<\/h3><h4>Pixabay Lizenz \u2013 Nutzung der Inhalte<\/h4><p>Inhalte auf Pixabay werden unter der Pixabay Lizenz mit den folgenden Bedingungen zur Verf\u00fcgung gestellt. Durch die Pixabay Lizenz erh\u00e4ltst Du ein unwiderrufliches, weltweites, nicht exklusives und geb\u00fchrenfreies Recht, die Inhalte f\u00fcr kommerzielle und nicht kommerzielle Zwecke zu verwenden, herunterzuladen, zu kopieren und zu ver\u00e4ndern. Eine Nennung des K\u00fcnstlers\/Urhebers bzw. von Pixabay ist nicht erforderlich, wir wissen jedoch eine freiwillige Quellenangabe zu sch\u00e4tzen.<\/p><p>Die Pixabay-Lizenz gestattet\u00a0<b>nicht<\/b>:<\/p><ol type=\"a\"><li>den Verkauf oder Vertrieb von Inhalten in digitaler Form, insbesondere als Stockfotos oder digitale Wallpaper;<\/li><li>den Verkauf oder Vertrieb von Inhalten z.B. als Poster, Digitaldrucke, Musiktitel oder physische Produkte, ohne zus\u00e4tzliche Elemente hinzuzuf\u00fcgen oder anderweitig einen Mehrwert zu schaffen;<\/li><li>die Darstellung von identifizierbaren Personen auf beleidigende, pornografische, obsz\u00f6ne, unmoralische, diffamierende oder verleumderische Weise; oder<\/li><li>die Suggestion, dass abgebildete Personen, Marken, Organisationen, etc. bestimmte Produkte oder Dienstleistungen bef\u00fcrworten oder billigen, es sei denn es wurde eine Genehmigung dazu erteilt.<\/li><\/ol><p>Beachte bitte, dass alle Inhalte auf Pixabay zwar f\u00fcr kommerzielle und nicht-kommerzielle Zwecke frei verwendbar sind, dargestellte Elemente in den Inhalten, wie identifizierbare Personen, Logos und Marken, jedoch zus\u00e4tzlichen Urheberrechten, Eigentumsrechten, Personenrechten, Markenrechten usw. unterliegen k\u00f6nnen. Die Zustimmung eines Dritten oder die Lizenz dieser Rechte k\u00f6nnen insbesondere f\u00fcr kommerzielle Anwendungen erforderlich sein. Pixabay garantiert nicht, dass solche Zustimmungen oder Lizenzen eingeholt wurden, und lehnt ausdr\u00fccklich jegliche Haftung in dieser Hinsicht ab.<\/p><h3>Pixabay Nutzer:<\/h3><p>Im folgenden wollen wir uns bei den Pixabay nutzern bedanken die Ihre Bilder unter der Pixabay Lizenz ver\u00f6ffentlicht haben:<\/p><p><img fetchpriority=\"high\" decoding=\"async\" class=\"alignnone wp-image-556 size-medium\" src=\"https:\/\/timekeeper.kfs-software.de\/wp-content\/uploads\/2024\/07\/people-2568886_1920-300x196.jpg\" alt=\"\" width=\"300\" height=\"196\" srcset=\"https:\/\/time-keeper.cloud\/wp-content\/uploads\/2024\/07\/people-2568886_1920-300x196.jpg 300w, https:\/\/time-keeper.cloud\/wp-content\/uploads\/2024\/07\/people-2568886_1920-1024x668.jpg 1024w, https:\/\/time-keeper.cloud\/wp-content\/uploads\/2024\/07\/people-2568886_1920-768x501.jpg 768w, https:\/\/time-keeper.cloud\/wp-content\/uploads\/2024\/07\/people-2568886_1920-1536x1002.jpg 1536w, https:\/\/time-keeper.cloud\/wp-content\/uploads\/2024\/07\/people-2568886_1920.jpg 1920w\" sizes=\"(max-width: 300px) 100vw, 300px\" \/><\/p><p>Bildquelle: &#8222;StockSnap&#8220; &#8211; pixabay (12.07.2024)<\/p><p><img decoding=\"async\" class=\"alignnone wp-image-523 size-thumbnail\" src=\"https:\/\/timekeeper.kfs-software.de\/wp-content\/uploads\/2024\/07\/time-1606153_1920-150x150.png\" alt=\"\" width=\"150\" height=\"150\" srcset=\"https:\/\/time-keeper.cloud\/wp-content\/uploads\/2024\/07\/time-1606153_1920-150x150.png 150w, https:\/\/time-keeper.cloud\/wp-content\/uploads\/2024\/07\/time-1606153_1920-300x300.png 300w, https:\/\/time-keeper.cloud\/wp-content\/uploads\/2024\/07\/time-1606153_1920-1024x1024.png 1024w, https:\/\/time-keeper.cloud\/wp-content\/uploads\/2024\/07\/time-1606153_1920-768x768.png 768w, https:\/\/time-keeper.cloud\/wp-content\/uploads\/2024\/07\/time-1606153_1920-1536x1536.png 1536w, https:\/\/time-keeper.cloud\/wp-content\/uploads\/2024\/07\/time-1606153_1920.png 1920w\" sizes=\"(max-width: 150px) 100vw, 150px\" \/><\/p><p>Bildquelle: IO-Images &#8211; pixabay (12.07.2024)<\/p><p><img decoding=\"async\" class=\"alignnone wp-image-558 size-medium\" src=\"https:\/\/timekeeper.kfs-software.de\/wp-content\/uploads\/2024\/07\/technology-7111796_1920-300x181.jpg\" alt=\"\" width=\"300\" height=\"181\" srcset=\"https:\/\/time-keeper.cloud\/wp-content\/uploads\/2024\/07\/technology-7111796_1920-300x181.jpg 300w, https:\/\/time-keeper.cloud\/wp-content\/uploads\/2024\/07\/technology-7111796_1920-1024x617.jpg 1024w, https:\/\/time-keeper.cloud\/wp-content\/uploads\/2024\/07\/technology-7111796_1920-768x463.jpg 768w, https:\/\/time-keeper.cloud\/wp-content\/uploads\/2024\/07\/technology-7111796_1920-1536x926.jpg 1536w, https:\/\/time-keeper.cloud\/wp-content\/uploads\/2024\/07\/technology-7111796_1920.jpg 1920w\" sizes=\"(max-width: 300px) 100vw, 300px\" \/><\/p><p>Bildquelle: tungnguyen0905 &#8211; pixabay (12.07.2024)<\/p><p><img loading=\"lazy\" decoding=\"async\" class=\"alignnone size-medium wp-image-550\" src=\"https:\/\/timekeeper.kfs-software.de\/wp-content\/uploads\/2024\/07\/background-6228126_1920-300x188.jpg\" alt=\"\" width=\"300\" height=\"188\" srcset=\"https:\/\/time-keeper.cloud\/wp-content\/uploads\/2024\/07\/background-6228126_1920-300x188.jpg 300w, https:\/\/time-keeper.cloud\/wp-content\/uploads\/2024\/07\/background-6228126_1920-1024x640.jpg 1024w, https:\/\/time-keeper.cloud\/wp-content\/uploads\/2024\/07\/background-6228126_1920-768x480.jpg 768w, https:\/\/time-keeper.cloud\/wp-content\/uploads\/2024\/07\/background-6228126_1920-1536x960.jpg 1536w, https:\/\/time-keeper.cloud\/wp-content\/uploads\/2024\/07\/background-6228126_1920.jpg 1920w\" sizes=\"(max-width: 300px) 100vw, 300px\" \/><\/p><p>Bildquelle: TheDigitalArtist &#8211; pixabay (12.07.2024)<\/p><p><img loading=\"lazy\" decoding=\"async\" class=\"alignnone size-medium wp-image-602\" src=\"https:\/\/timekeeper.kfs-software.de\/wp-content\/uploads\/2024\/07\/internet-3592056_1920-300x200.jpg\" alt=\"\" width=\"300\" height=\"200\" srcset=\"https:\/\/time-keeper.cloud\/wp-content\/uploads\/2024\/07\/internet-3592056_1920-300x200.jpg 300w, https:\/\/time-keeper.cloud\/wp-content\/uploads\/2024\/07\/internet-3592056_1920-1024x683.jpg 1024w, https:\/\/time-keeper.cloud\/wp-content\/uploads\/2024\/07\/internet-3592056_1920-768x512.jpg 768w, https:\/\/time-keeper.cloud\/wp-content\/uploads\/2024\/07\/internet-3592056_1920-1536x1024.jpg 1536w, https:\/\/time-keeper.cloud\/wp-content\/uploads\/2024\/07\/internet-3592056_1920.jpg 1920w\" sizes=\"(max-width: 300px) 100vw, 300px\" \/><\/p><p>Bildquelle: geralt &#8211; pixabay (12.07.2024)<\/p><p><img loading=\"lazy\" decoding=\"async\" class=\"alignnone size-medium wp-image-555\" src=\"https:\/\/timekeeper.kfs-software.de\/wp-content\/uploads\/2024\/07\/clock-3222267_1920-300x200.jpg\" alt=\"\" width=\"300\" height=\"200\" srcset=\"https:\/\/time-keeper.cloud\/wp-content\/uploads\/2024\/07\/clock-3222267_1920-300x200.jpg 300w, https:\/\/time-keeper.cloud\/wp-content\/uploads\/2024\/07\/clock-3222267_1920-1024x683.jpg 1024w, https:\/\/time-keeper.cloud\/wp-content\/uploads\/2024\/07\/clock-3222267_1920-768x512.jpg 768w, https:\/\/time-keeper.cloud\/wp-content\/uploads\/2024\/07\/clock-3222267_1920-1536x1024.jpg 1536w, https:\/\/time-keeper.cloud\/wp-content\/uploads\/2024\/07\/clock-3222267_1920.jpg 1920w\" sizes=\"(max-width: 300px) 100vw, 300px\" \/><\/p><p>Bildquelle: geralt &#8211; pixabay (12.07.2024)<\/p><p><img loading=\"lazy\" decoding=\"async\" class=\"alignnone size-medium wp-image-889\" src=\"https:\/\/time-keeper.cloud\/wp-content\/uploads\/2025\/04\/home-office-1867759_1920-300x200.jpg\" alt=\"\" width=\"300\" height=\"200\" srcset=\"https:\/\/time-keeper.cloud\/wp-content\/uploads\/2025\/04\/home-office-1867759_1920-300x200.jpg 300w, https:\/\/time-keeper.cloud\/wp-content\/uploads\/2025\/04\/home-office-1867759_1920-1024x683.jpg 1024w, https:\/\/time-keeper.cloud\/wp-content\/uploads\/2025\/04\/home-office-1867759_1920-768x512.jpg 768w, https:\/\/time-keeper.cloud\/wp-content\/uploads\/2025\/04\/home-office-1867759_1920-1536x1025.jpg 1536w, https:\/\/time-keeper.cloud\/wp-content\/uploads\/2025\/04\/home-office-1867759_1920.jpg 1920w\" sizes=\"(max-width: 300px) 100vw, 300px\" \/><\/p><p>Bildquelle: Pexels &#8211; pixabay (12.07.2024)<\/p><p><img loading=\"lazy\" decoding=\"async\" class=\"alignnone size-medium wp-image-890\" src=\"https:\/\/time-keeper.cloud\/wp-content\/uploads\/2025\/04\/entrepreneur-1340649_1920-300x212.jpg\" alt=\"\" width=\"300\" height=\"212\" srcset=\"https:\/\/time-keeper.cloud\/wp-content\/uploads\/2025\/04\/entrepreneur-1340649_1920-300x212.jpg 300w, https:\/\/time-keeper.cloud\/wp-content\/uploads\/2025\/04\/entrepreneur-1340649_1920-1024x724.jpg 1024w, https:\/\/time-keeper.cloud\/wp-content\/uploads\/2025\/04\/entrepreneur-1340649_1920-768x543.jpg 768w, https:\/\/time-keeper.cloud\/wp-content\/uploads\/2025\/04\/entrepreneur-1340649_1920-1536x1086.jpg 1536w, https:\/\/time-keeper.cloud\/wp-content\/uploads\/2025\/04\/entrepreneur-1340649_1920.jpg 1920w\" sizes=\"(max-width: 300px) 100vw, 300px\" \/><\/p><p>Bildquelle: geralt &#8211; pixabay (12.07.2024)<\/p>\t\t\t\t\t\t\t\t<\/div>\n\t\t\t\t<\/div>\n\t\t\t\t<\/div>\n\t\t\t\t\t<\/details>\n\t\t\t\t\t<\/div>\n\t\t\t\t\t\t<\/div>\n\t\t\t\t<\/div>\n\t\t\t\t<\/div>\n\t\t\t\t<\/div>\n\t\t\t\t\t<\/div>\n\t\t\t\t<\/div>\n\t\t\t\t<\/div>\n\t\t","protected":false},"excerpt":{"rendered":"<p>Impressum KFS Software GmbH Johannisstr. 24 84034 Landshut Handelsregister: HRB 13521 Registergericht: Landshut Vertreten durch: J&ouml;rg Kriszio Kontakt Telefon: +49 871 96624736 E-Mail: info@kfs-software.de Umsatzsteuer-ID Umsatzsteuer-Identifikationsnummer gem&auml;&szlig; &sect; 27 a Umsatzsteuergesetz: DE357462882 EU-Streitschlichtung Die Europ&auml;ische Kommission stellt eine Plattform zur Online-Streitbeilegung (OS) bereit: https:\/\/ec.europa.eu\/consumers\/odr\/. Unsere E-Mail-Adresse finden Sie oben im Impressum. Verbraucher&shy;streit&shy;beilegung\/Universal&shy;schlichtungs&shy;stelle Wir sind nicht [&hellip;]<\/p>\n","protected":false},"author":1,"featured_media":0,"parent":0,"menu_order":0,"comment_status":"closed","ping_status":"closed","template":"","meta":{"footnotes":""},"class_list":["post-681","page","type-page","status-publish","hentry"],"_links":{"self":[{"href":"https:\/\/time-keeper.cloud\/index.php\/wp-json\/wp\/v2\/pages\/681","targetHints":{"allow":["GET"]}}],"collection":[{"href":"https:\/\/time-keeper.cloud\/index.php\/wp-json\/wp\/v2\/pages"}],"about":[{"href":"https:\/\/time-keeper.cloud\/index.php\/wp-json\/wp\/v2\/types\/page"}],"author":[{"embeddable":true,"href":"https:\/\/time-keeper.cloud\/index.php\/wp-json\/wp\/v2\/users\/1"}],"replies":[{"embeddable":true,"href":"https:\/\/time-keeper.cloud\/index.php\/wp-json\/wp\/v2\/comments?post=681"}],"version-history":[{"count":25,"href":"https:\/\/time-keeper.cloud\/index.php\/wp-json\/wp\/v2\/pages\/681\/revisions"}],"predecessor-version":[{"id":1068,"href":"https:\/\/time-keeper.cloud\/index.php\/wp-json\/wp\/v2\/pages\/681\/revisions\/1068"}],"wp:attachment":[{"href":"https:\/\/time-keeper.cloud\/index.php\/wp-json\/wp\/v2\/media?parent=681"}],"curies":[{"name":"wp","href":"https:\/\/api.w.org\/{rel}","templated":true}]}}